{"id":4061,"date":"2024-01-26T09:26:03","date_gmt":"2024-01-26T09:26:03","guid":{"rendered":"https:\/\/hanse-survey.de\/career\/"},"modified":"2025-12-30T15:20:54","modified_gmt":"2025-12-30T15:20:54","slug":"career","status":"publish","type":"page","link":"https:\/\/hanse-survey.de\/en\/career\/","title":{"rendered":"Career"},"content":{"rendered":"<p><div class=\"fusion-fullwidth fullwidth-box fusion-builder-row-1 fusion-flex-container has-pattern-background has-mask-background nonhundred-percent-fullwidth non-hundred-percent-height-scrolling\" style=\"--awb-border-radius-top-left:0px;--awb-border-radius-top-right:0px;--awb-border-radius-bottom-right:0px;--awb-border-radius-bottom-left:0px;--awb-flex-wrap:wrap;\" ><div class=\"fusion-builder-row fusion-row fusion-flex-align-items-flex-start fusion-flex-content-wrap\" style=\"max-width:1216.8px;margin-left: calc(-4% \/ 2 );margin-right: calc(-4% \/ 2 );\"><div class=\"fusion-layout-column fusion_builder_column fusion-builder-column-0 fusion_builder_column_1_1 1_1 fusion-flex-column\" style=\"--awb-bg-size:cover;--awb-width-large:100%;--awb-margin-top-large:0px;--awb-spacing-right-large:1.92%;--awb-margin-bottom-large:20px;--awb-spacing-left-large:1.92%;--awb-width-medium:100%;--awb-order-medium:0;--awb-spacing-right-medium:1.92%;--awb-spacing-left-medium:1.92%;--awb-width-small:100%;--awb-order-small:0;--awb-spacing-right-small:1.92%;--awb-spacing-left-small:1.92%;\"><div class=\"fusion-column-wrapper fusion-column-has-shadow fusion-flex-justify-content-flex-start fusion-content-layout-column\"><div class=\"fusion-text fusion-text-1\"><h2 class=\"\" data-fontsize=\"20\" data-lineheight=\"25.6px\"><strong>Vacancies<\/strong><\/h2>\n<p>Do you have knowledge of and a passion for ships? Great \u2013 we\u2019ll teach you the rest! Due to the continued growth of our company, we are now offering various positions to strengthen our young but experienced team of ship surveyors.<\/p>\n<p>We are a small surveyor\u2019s office based in Northern Germany. We are mainly active in the major ports of Lower Saxony, but also occasionally travel abroad (Poland, Turkey, Great Britain, Baltic Sea, USA, Canada).<\/p>\n<p><strong><b>The benefits we offer<\/b>:<\/strong><\/p>\n<ul>\n<li>Friendly working environment where your input is welcomed<\/li>\n<li>Prudent training and excellent support<\/li>\n<li>Interesting and varied activities &amp; tasks<\/li>\n<li>Home office possibility<\/li>\n<li>Fair and appropriate renumeration<\/li>\n<li>Tax-free allowance (Public Holiday, Sunday, Night)<\/li>\n<li>Company car (after completion of trial period)<\/li>\n<li>Mobile phone<\/li>\n<li>Pension plan<\/li>\n<\/ul>\n<p><strong>Current vacancies are:<\/strong><\/p>\n<\/div><\/div><\/div><\/div><\/div><div class=\"fusion-fullwidth fullwidth-box fusion-builder-row-2 fusion-flex-container has-pattern-background has-mask-background nonhundred-percent-fullwidth non-hundred-percent-height-scrolling\" style=\"--awb-border-radius-top-left:0px;--awb-border-radius-top-right:0px;--awb-border-radius-bottom-right:0px;--awb-border-radius-bottom-left:0px;--awb-flex-wrap:wrap;\" ><div class=\"fusion-builder-row fusion-row fusion-flex-align-items-flex-start fusion-flex-content-wrap\" style=\"max-width:1216.8px;margin-left: calc(-4% \/ 2 );margin-right: calc(-4% \/ 2 );\"><div class=\"fusion-layout-column fusion_builder_column fusion-builder-column-1 fusion_builder_column_1_1 1_1 fusion-flex-column\" style=\"--awb-bg-size:cover;--awb-width-large:100%;--awb-margin-top-large:0px;--awb-spacing-right-large:1.92%;--awb-margin-bottom-large:20px;--awb-spacing-left-large:1.92%;--awb-width-medium:100%;--awb-order-medium:0;--awb-spacing-right-medium:1.92%;--awb-spacing-left-medium:1.92%;--awb-width-small:100%;--awb-order-small:0;--awb-spacing-right-small:1.92%;--awb-spacing-left-small:1.92%;\"><div class=\"fusion-column-wrapper fusion-column-has-shadow fusion-flex-justify-content-flex-start fusion-content-layout-column\"><div class=\"fusion-text fusion-text-2\"><h3><strong>Sales<\/strong><strong> &amp; Marketing Manager M\/F\/D<\/strong><\/h3>\n<p>We are looking for a full-time Sales &amp; Marketing Manager (m\/f\/d) with several years of B2B services sales experience \u2013 ideally in the maritime sector \u2013 solid, sales-oriented marketing know-how, confident communication skills in English and German, strong customer focus, willingness to travel, and a proactive, hands-on mindset.<\/p>\n<\/div><div ><a class=\"fusion-button button-flat button-small button-default fusion-button-default button-1 fusion-button-default-span fusion-button-default-type\" style=\"width:calc(100%);\" target=\"_blank\" rel=\"noopener noreferrer\" data-hover=\"underline\" href=\"https:\/\/hanse-survey.de\/wp-content\/uploads\/Sales-Marketing-Full-time-1-1.pdf\"><span class=\"fusion-button-text awb-button__text awb-button__text--default\">Job advertisement Sales &amp; Marketing Manager<\/span><\/a><\/div><\/div><\/div><\/div><\/div><div class=\"fusion-fullwidth fullwidth-box fusion-builder-row-3 fusion-flex-container has-pattern-background has-mask-background nonhundred-percent-fullwidth non-hundred-percent-height-scrolling\" style=\"--awb-border-radius-top-left:0px;--awb-border-radius-top-right:0px;--awb-border-radius-bottom-right:0px;--awb-border-radius-bottom-left:0px;--awb-flex-wrap:wrap;\" ><div class=\"fusion-builder-row fusion-row fusion-flex-align-items-flex-start fusion-flex-content-wrap\" style=\"max-width:1216.8px;margin-left: calc(-4% \/ 2 );margin-right: calc(-4% \/ 2 );\"><div class=\"fusion-layout-column fusion_builder_column fusion-builder-column-2 fusion_builder_column_1_1 1_1 fusion-flex-column\" style=\"--awb-bg-size:cover;--awb-width-large:100%;--awb-margin-top-large:0px;--awb-spacing-right-large:1.92%;--awb-margin-bottom-large:20px;--awb-spacing-left-large:1.92%;--awb-width-medium:100%;--awb-order-medium:0;--awb-spacing-right-medium:1.92%;--awb-spacing-left-medium:1.92%;--awb-width-small:100%;--awb-order-small:0;--awb-spacing-right-small:1.92%;--awb-spacing-left-small:1.92%;\"><div class=\"fusion-column-wrapper fusion-column-has-shadow fusion-flex-justify-content-flex-start fusion-content-layout-column\"><div class=\"fusion-text fusion-text-3\"><h3 class=\"fusion-responsive-typography-calculated\" data-fontsize=\"20\" data-lineheight=\"25.6px\"><strong>If you have any questions or would like to apply, please contact: hr@hanse-survey.de<\/strong><\/h3>\n<\/div><\/div><\/div><\/div><\/div><\/p>\n","protected":false},"excerpt":{"rendered":"","protected":false},"author":7,"featured_media":3188,"parent":0,"menu_order":0,"comment_status":"closed","ping_status":"closed","template":"100-width.php","meta":{"footnotes":""},"class_list":["post-4061","page","type-page","status-publish","has-post-thumbnail","hentry"],"yoast_head":"<!-- This site is optimized with the Yoast SEO plugin v26.2 - https:\/\/yoast.com\/wordpress\/plugins\/seo\/ -->\n<title>Career - HANSE SURVEY<\/title>\n<meta name=\"robots\" content=\"index, follow, max-snippet:-1, max-image-preview:large, max-video-preview:-1\" \/>\n<link rel=\"canonical\" href=\"https:\/\/hanse-survey.de\/en\/career\/\" \/>\n<meta property=\"og:locale\" content=\"en_US\" \/>\n<meta property=\"og:type\" content=\"article\" \/>\n<meta property=\"og:title\" content=\"Career - HANSE SURVEY\" \/>\n<meta property=\"og:url\" content=\"https:\/\/hanse-survey.de\/en\/career\/\" \/>\n<meta property=\"og:site_name\" content=\"HANSE SURVEY\" \/>\n<meta property=\"article:modified_time\" content=\"2025-12-30T15:20:54+00:00\" \/>\n<meta property=\"og:image\" content=\"https:\/\/hanse-survey.de\/wp-content\/uploads\/Fotoram.io-4.jpg\" \/>\n\t<meta property=\"og:image:width\" content=\"1024\" \/>\n\t<meta property=\"og:image:height\" content=\"771\" \/>\n\t<meta property=\"og:image:type\" content=\"image\/jpeg\" \/>\n<meta name=\"twitter:card\" content=\"summary_large_image\" \/>\n<meta name=\"twitter:label1\" content=\"Est. reading time\" \/>\n\t<meta name=\"twitter:data1\" content=\"3 minutes\" \/>\n<script type=\"application\/ld+json\" class=\"yoast-schema-graph\">{\"@context\":\"https:\/\/schema.org\",\"@graph\":[{\"@type\":\"WebPage\",\"@id\":\"https:\/\/hanse-survey.de\/en\/career\/\",\"url\":\"https:\/\/hanse-survey.de\/en\/career\/\",\"name\":\"Career - HANSE SURVEY\",\"isPartOf\":{\"@id\":\"https:\/\/hanse-survey.de\/en\/#website\"},\"primaryImageOfPage\":{\"@id\":\"https:\/\/hanse-survey.de\/en\/career\/#primaryimage\"},\"image\":{\"@id\":\"https:\/\/hanse-survey.de\/en\/career\/#primaryimage\"},\"thumbnailUrl\":\"https:\/\/hanse-survey.de\/wp-content\/uploads\/Fotoram.io-4.jpg\",\"datePublished\":\"2024-01-26T09:26:03+00:00\",\"dateModified\":\"2025-12-30T15:20:54+00:00\",\"breadcrumb\":{\"@id\":\"https:\/\/hanse-survey.de\/en\/career\/#breadcrumb\"},\"inLanguage\":\"en-US\",\"potentialAction\":[{\"@type\":\"ReadAction\",\"target\":[\"https:\/\/hanse-survey.de\/en\/career\/\"]}]},{\"@type\":\"ImageObject\",\"inLanguage\":\"en-US\",\"@id\":\"https:\/\/hanse-survey.de\/en\/career\/#primaryimage\",\"url\":\"https:\/\/hanse-survey.de\/wp-content\/uploads\/Fotoram.io-4.jpg\",\"contentUrl\":\"https:\/\/hanse-survey.de\/wp-content\/uploads\/Fotoram.io-4.jpg\",\"width\":1024,\"height\":771,\"caption\":\"Hanse Survey\"},{\"@type\":\"BreadcrumbList\",\"@id\":\"https:\/\/hanse-survey.de\/en\/career\/#breadcrumb\",\"itemListElement\":[{\"@type\":\"ListItem\",\"position\":1,\"name\":\"Startseite\",\"item\":\"https:\/\/hanse-survey.de\/en\/\"},{\"@type\":\"ListItem\",\"position\":2,\"name\":\"Career\"}]},{\"@type\":\"WebSite\",\"@id\":\"https:\/\/hanse-survey.de\/en\/#website\",\"url\":\"https:\/\/hanse-survey.de\/en\/\",\"name\":\"HANSE SURVEY\",\"description\":\"Ihr Sachverst\u00e4ndigenb\u00fcro f\u00fcr kommerzielle Schifffahrt.\",\"potentialAction\":[{\"@type\":\"SearchAction\",\"target\":{\"@type\":\"EntryPoint\",\"urlTemplate\":\"https:\/\/hanse-survey.de\/en\/?s={search_term_string}\"},\"query-input\":{\"@type\":\"PropertyValueSpecification\",\"valueRequired\":true,\"valueName\":\"search_term_string\"}}],\"inLanguage\":\"en-US\"}]}<\/script>\n<!-- \/ Yoast SEO plugin. -->","yoast_head_json":{"title":"Career - HANSE SURVEY","robots":{"index":"index","follow":"follow","max-snippet":"max-snippet:-1","max-image-preview":"max-image-preview:large","max-video-preview":"max-video-preview:-1"},"canonical":"https:\/\/hanse-survey.de\/en\/career\/","og_locale":"en_US","og_type":"article","og_title":"Career - HANSE SURVEY","og_url":"https:\/\/hanse-survey.de\/en\/career\/","og_site_name":"HANSE SURVEY","article_modified_time":"2025-12-30T15:20:54+00:00","og_image":[{"width":1024,"height":771,"url":"https:\/\/hanse-survey.de\/wp-content\/uploads\/Fotoram.io-4.jpg","type":"image\/jpeg"}],"twitter_card":"summary_large_image","twitter_misc":{"Est. reading time":"3 minutes"},"schema":{"@context":"https:\/\/schema.org","@graph":[{"@type":"WebPage","@id":"https:\/\/hanse-survey.de\/en\/career\/","url":"https:\/\/hanse-survey.de\/en\/career\/","name":"Career - HANSE SURVEY","isPartOf":{"@id":"https:\/\/hanse-survey.de\/en\/#website"},"primaryImageOfPage":{"@id":"https:\/\/hanse-survey.de\/en\/career\/#primaryimage"},"image":{"@id":"https:\/\/hanse-survey.de\/en\/career\/#primaryimage"},"thumbnailUrl":"https:\/\/hanse-survey.de\/wp-content\/uploads\/Fotoram.io-4.jpg","datePublished":"2024-01-26T09:26:03+00:00","dateModified":"2025-12-30T15:20:54+00:00","breadcrumb":{"@id":"https:\/\/hanse-survey.de\/en\/career\/#breadcrumb"},"inLanguage":"en-US","potentialAction":[{"@type":"ReadAction","target":["https:\/\/hanse-survey.de\/en\/career\/"]}]},{"@type":"ImageObject","inLanguage":"en-US","@id":"https:\/\/hanse-survey.de\/en\/career\/#primaryimage","url":"https:\/\/hanse-survey.de\/wp-content\/uploads\/Fotoram.io-4.jpg","contentUrl":"https:\/\/hanse-survey.de\/wp-content\/uploads\/Fotoram.io-4.jpg","width":1024,"height":771,"caption":"Hanse Survey"},{"@type":"BreadcrumbList","@id":"https:\/\/hanse-survey.de\/en\/career\/#breadcrumb","itemListElement":[{"@type":"ListItem","position":1,"name":"Startseite","item":"https:\/\/hanse-survey.de\/en\/"},{"@type":"ListItem","position":2,"name":"Career"}]},{"@type":"WebSite","@id":"https:\/\/hanse-survey.de\/en\/#website","url":"https:\/\/hanse-survey.de\/en\/","name":"HANSE SURVEY","description":"Ihr Sachverst\u00e4ndigenb\u00fcro f\u00fcr kommerzielle Schifffahrt.","potentialAction":[{"@type":"SearchAction","target":{"@type":"EntryPoint","urlTemplate":"https:\/\/hanse-survey.de\/en\/?s={search_term_string}"},"query-input":{"@type":"PropertyValueSpecification","valueRequired":true,"valueName":"search_term_string"}}],"inLanguage":"en-US"}]}},"_links":{"self":[{"href":"https:\/\/hanse-survey.de\/en\/wp-json\/wp\/v2\/pages\/4061","targetHints":{"allow":["GET"]}}],"collection":[{"href":"https:\/\/hanse-survey.de\/en\/wp-json\/wp\/v2\/pages"}],"about":[{"href":"https:\/\/hanse-survey.de\/en\/wp-json\/wp\/v2\/types\/page"}],"author":[{"embeddable":true,"href":"https:\/\/hanse-survey.de\/en\/wp-json\/wp\/v2\/users\/7"}],"replies":[{"embeddable":true,"href":"https:\/\/hanse-survey.de\/en\/wp-json\/wp\/v2\/comments?post=4061"}],"version-history":[{"count":51,"href":"https:\/\/hanse-survey.de\/en\/wp-json\/wp\/v2\/pages\/4061\/revisions"}],"predecessor-version":[{"id":4290,"href":"https:\/\/hanse-survey.de\/en\/wp-json\/wp\/v2\/pages\/4061\/revisions\/4290"}],"wp:featuredmedia":[{"embeddable":true,"href":"https:\/\/hanse-survey.de\/en\/wp-json\/wp\/v2\/media\/3188"}],"wp:attachment":[{"href":"https:\/\/hanse-survey.de\/en\/wp-json\/wp\/v2\/media?parent=4061"}],"curies":[{"name":"wp","href":"https:\/\/api.w.org\/{rel}","templated":true}]}}