{"id":2631,"date":"2023-01-25T13:29:58","date_gmt":"2023-01-25T13:29:58","guid":{"rendered":"http:\/\/test-wp.hanse-survey.de\/compass-overview\/"},"modified":"2023-02-03T10:34:30","modified_gmt":"2023-02-03T10:34:30","slug":"compass-overview","status":"publish","type":"page","link":"https:\/\/hanse-survey.de\/en\/compass-overview\/","title":{"rendered":"Compass overview"},"content":{"rendered":"<div class=\"fusion-fullwidth fullwidth-box fusion-builder-row-1 fusion-flex-container nonhundred-percent-fullwidth non-hundred-percent-height-scrolling\" style=\"--awb-border-radius-top-left:0px;--awb-border-radius-top-right:0px;--awb-border-radius-bottom-right:0px;--awb-border-radius-bottom-left:0px;--awb-flex-wrap:wrap;\" ><div class=\"fusion-builder-row fusion-row fusion-flex-align-items-flex-start fusion-flex-content-wrap\" style=\"max-width:1216.8px;margin-left: calc(-4% \/ 2 );margin-right: calc(-4% \/ 2 );\"><div class=\"fusion-layout-column fusion_builder_column fusion-builder-column-0 fusion_builder_column_1_1 1_1 fusion-flex-column\" style=\"--awb-padding-right-small:5%;--awb-padding-left-small:5%;--awb-bg-blend:overlay;--awb-bg-size:cover;--awb-width-large:100%;--awb-margin-top-large:0px;--awb-spacing-right-large:1.92%;--awb-margin-bottom-large:0px;--awb-spacing-left-large:1.92%;--awb-width-medium:100%;--awb-spacing-right-medium:1.92%;--awb-spacing-left-medium:1.92%;--awb-width-small:100%;--awb-spacing-right-small:1.728%;--awb-spacing-left-small:1.92%;\"><div class=\"fusion-column-wrapper fusion-flex-justify-content-flex-start fusion-content-layout-column\"><div class=\"fusion-text fusion-text-1\"><p>Here you will find an overview of the services we offer in the field of magnetic compasses. If you have any special requests, please contact us for an individual offer, which we will be happy to tailor to your needs.<\/p>\n<\/div><div class=\"fusion-blog-shortcode fusion-blog-shortcode-1 fusion-blog-archive fusion-blog-layout-grid-wrapper fusion-blog-no fusion-blog-layout-left\" style=\"--awb-title-font-family:&quot;Inter&quot;;--awb-title-font-style:normal;--awb-title-font-weight:600;\"><style type=\"text\/css\">.fusion-blog-shortcode-1 .fusion-blog-layout-grid .fusion-post-grid{padding:7.5px;}.fusion-blog-shortcode-1 .fusion-posts-container{margin-left: -7.5px !important; margin-right:-7.5px !important;}<\/style><div class=\"fusion-posts-container fusion-posts-container-no fusion-no-meta-info fusion-blog-layout-grid fusion-blog-layout-grid-2 isotope fusion-blog-equal-heights\" data-pages=\"1\" data-grid-col-space=\"15\" style=\"margin: -7.5px -7.5px 0;min-height:500px;\"><article id=\"blog-1-post-1339\" class=\"fusion-post-grid post-1339 post type-post status-publish format-standard has-post-thumbnail hentry category-compass-overview\">\n<div class=\"fusion-post-wrapper\" style=\"background-color:rgba(219,219,219,0.5);border:1px solid #ebeaea;border-bottom-width:3px;\">\n\n\t\t\t<div class=\"fusion-flexslider flexslider fusion-flexslider-loading fusion-post-slideshow\" style=\"border-color:#ebeaea;\">\n\t\t<ul class=\"slides\">\n\t\t\t\n\t\t\t\t\t\t\t\t\t\t\t\t\t\t<li><div  class=\"fusion-image-wrapper\" aria-haspopup=\"true\">\n\t\t\t\t\t\t\t<a href=\"https:\/\/hanse-survey.de\/en\/compass-overview\/magnetic-ccompass-laboratory-testing-and-repairing\/\" aria-label=\"Magnetic compass &#8211; laboratory testing and repairing\">\n\t\t\t\t\t\t\t<img decoding=\"async\" width=\"2560\" height=\"1928\" src=\"https:\/\/hanse-survey.de\/wp-content\/uploads\/PXL_20230202_104845024-scaled.jpg\" class=\"attachment-full size-full lazyload wp-post-image\" alt=\"\" srcset=\"data:image\/svg+xml,%3Csvg%20xmlns%3D%27http%3A%2F%2Fwww.w3.org%2F2000%2Fsvg%27%20width%3D%272560%27%20height%3D%271928%27%20viewBox%3D%270%200%202560%201928%27%3E%3Crect%20width%3D%272560%27%20height%3D%271928%27%20fill-opacity%3D%220%22%2F%3E%3C%2Fsvg%3E\" data-orig-src=\"https:\/\/hanse-survey.de\/wp-content\/uploads\/PXL_20230202_104845024-scaled.jpg\" data-srcset=\"https:\/\/hanse-survey.de\/wp-content\/uploads\/PXL_20230202_104845024-200x151.jpg 200w, https:\/\/hanse-survey.de\/wp-content\/uploads\/PXL_20230202_104845024-400x301.jpg 400w, https:\/\/hanse-survey.de\/wp-content\/uploads\/PXL_20230202_104845024-600x452.jpg 600w, https:\/\/hanse-survey.de\/wp-content\/uploads\/PXL_20230202_104845024-800x602.jpg 800w, https:\/\/hanse-survey.de\/wp-content\/uploads\/PXL_20230202_104845024-1200x904.jpg 1200w, https:\/\/hanse-survey.de\/wp-content\/uploads\/PXL_20230202_104845024-scaled.jpg 2560w\" data-sizes=\"auto\" \/>\t\t\t<\/a>\n\t\t\t\t\t\t\t<\/div>\n<\/li>\n\t\t\t\n\t\t\t\n\t\t\t\t\t\t\t\t\t\t\t\n\t\t\t\t\t\n\t\t\t\t\t\t\t\t\t\t\t<li>\n\t\t\t\t\t\t\t<div class=\"fusion-image-wrapper\">\n\t\t\t\t\t\t\t\t<a href=\"https:\/\/hanse-survey.de\/en\/compass-overview\/magnetic-ccompass-laboratory-testing-and-repairing\/\" aria-label=\"Magnetic compass &#8211; laboratory testing and repairing\">\n\t\t\t\t\t\t\t\t\t<img decoding=\"async\" width=\"1000\" height=\"600\" src=\"https:\/\/hanse-survey.de\/wp-content\/uploads\/compasslaboratory.jpg\" data-orig-src=\"https:\/\/hanse-survey.de\/wp-content\/uploads\/compasslaboratory.jpg\" alt=\"Kompasslabor mit Hanse Survey Schriftzug\" class=\"lazyload wp-image-3219\" role=\"presentation\" srcset=\"data:image\/svg+xml,%3Csvg%20xmlns%3D%27http%3A%2F%2Fwww.w3.org%2F2000%2Fsvg%27%20width%3D%271000%27%20height%3D%27600%27%20viewBox%3D%270%200%201000%20600%27%3E%3Crect%20width%3D%271000%27%20height%3D%27600%27%20fill-opacity%3D%220%22%2F%3E%3C%2Fsvg%3E\" data-srcset=\"https:\/\/hanse-survey.de\/wp-content\/uploads\/compasslaboratory-200x120.jpg 200w, https:\/\/hanse-survey.de\/wp-content\/uploads\/compasslaboratory-400x240.jpg 400w, https:\/\/hanse-survey.de\/wp-content\/uploads\/compasslaboratory-600x360.jpg 600w, https:\/\/hanse-survey.de\/wp-content\/uploads\/compasslaboratory-800x480.jpg 800w, https:\/\/hanse-survey.de\/wp-content\/uploads\/compasslaboratory.jpg 1000w\" data-sizes=\"auto\" data-orig-sizes=\"(min-width: 2200px) 100vw, (min-width: 732px) 578px, (min-width: 640px) 732px, \" \/>\t\t\t\t\t\t\t\t<\/a>\n\t\t\t\t\t\t\t\t<a style=\"display:none;\" href=\"https:\/\/hanse-survey.de\/wp-content\/uploads\/compasslaboratory.jpg\" data-rel=\"iLightbox[gallery1339]\"  title=\"\" data-title=\"compasslaboratory\" data-caption=\"\">\n\t\t\t\t\t\t\t\t\t\t\t\t\t\t\t\t\t\t\t<img style=\"display:none;\" alt=\"Kompasslabor mit Hanse Survey Schriftzug\" role=\"presentation\" \/>\n\t\t\t\t\t\t\t\t\t\t\t\t\t\t\t\t\t<\/a>\n\t\t\t\t\t\t\t<\/div>\n\t\t\t\t\t\t<\/li>\n\t\t\t\t\t\t\t\t\t\t\t\t\t\t\t\t\t\t\t\t\t\t\t\t\t\t\t\t\t\t\t\t\t\t\t\t<\/ul>\n\t<\/div>\n\t<div class=\"fusion-post-content-wrapper\" style=\"padding:30px 25px 20px 25px;\"><div class=\"fusion-post-content post-content\"><h2 class=\"blog-shortcode-post-title entry-title\"><a href=\"https:\/\/hanse-survey.de\/en\/compass-overview\/magnetic-ccompass-laboratory-testing-and-repairing\/\">Magnetic compass &#8211; laboratory testing and repairing<\/a><\/h2><div class=\"fusion-post-content-container\"><p> Self-evidently, basic instruments for navigation of vessels have to be checked regularly; concerning reliable operation [...]<\/p><\/div><\/div><\/div><div class=\"fusion-clearfix\"><\/div><\/div>\n<\/article>\n<article id=\"blog-1-post-2517\" class=\"fusion-post-grid post-2517 post type-post status-publish format-standard has-post-thumbnail hentry category-compass-overview\">\n<div class=\"fusion-post-wrapper\" style=\"background-color:rgba(219,219,219,0.5);border:1px solid #ebeaea;border-bottom-width:3px;\">\n\n\t\t\t<div class=\"fusion-flexslider flexslider fusion-flexslider-loading fusion-post-slideshow\" style=\"border-color:#ebeaea;\">\n\t\t<ul class=\"slides\">\n\t\t\t\n\t\t\t\t\t\t\t\t\t\t\t\t\t\t<li><div  class=\"fusion-image-wrapper\" aria-haspopup=\"true\">\n\t\t\t\t\t\t\t<a href=\"https:\/\/hanse-survey.de\/en\/compass-overview\/magnetic-compass-adjustment\/\" aria-label=\"Magnetic compass adjustment\">\n\t\t\t\t\t\t\t<img decoding=\"async\" width=\"1600\" height=\"1200\" src=\"https:\/\/hanse-survey.de\/wp-content\/uploads\/IMG_20230124_0932200.jpg\" class=\"attachment-full size-full lazyload wp-post-image\" alt=\"\" srcset=\"data:image\/svg+xml,%3Csvg%20xmlns%3D%27http%3A%2F%2Fwww.w3.org%2F2000%2Fsvg%27%20width%3D%271600%27%20height%3D%271200%27%20viewBox%3D%270%200%201600%201200%27%3E%3Crect%20width%3D%271600%27%20height%3D%271200%27%20fill-opacity%3D%220%22%2F%3E%3C%2Fsvg%3E\" data-orig-src=\"https:\/\/hanse-survey.de\/wp-content\/uploads\/IMG_20230124_0932200.jpg\" data-srcset=\"https:\/\/hanse-survey.de\/wp-content\/uploads\/IMG_20230124_0932200-200x150.jpg 200w, https:\/\/hanse-survey.de\/wp-content\/uploads\/IMG_20230124_0932200-400x300.jpg 400w, https:\/\/hanse-survey.de\/wp-content\/uploads\/IMG_20230124_0932200-600x450.jpg 600w, https:\/\/hanse-survey.de\/wp-content\/uploads\/IMG_20230124_0932200-800x600.jpg 800w, https:\/\/hanse-survey.de\/wp-content\/uploads\/IMG_20230124_0932200-1200x900.jpg 1200w, https:\/\/hanse-survey.de\/wp-content\/uploads\/IMG_20230124_0932200.jpg 1600w\" data-sizes=\"auto\" \/>\t\t\t<\/a>\n\t\t\t\t\t\t\t<\/div>\n<\/li>\n\t\t\t\n\t\t\t\n\t\t\t\t\t\t\t\t\t\t\t\t\t\t\t\t\t\t\t\t\t\t\t\t\t\t\t\t\t\t\t\t\t\t\t\t\t\t<\/ul>\n\t<\/div>\n\t<div class=\"fusion-post-content-wrapper\" style=\"padding:30px 25px 20px 25px;\"><div class=\"fusion-post-content post-content\"><h2 class=\"blog-shortcode-post-title entry-title\"><a href=\"https:\/\/hanse-survey.de\/en\/compass-overview\/magnetic-compass-adjustment\/\">Magnetic compass adjustment<\/a><\/h2><div class=\"fusion-post-content-container\"><p> Appointed adjuster of the German Federal Maritime and Hydrographic Agency. As only one of seven [...]<\/p><\/div><\/div><\/div><div class=\"fusion-clearfix\"><\/div><\/div>\n<\/article>\n<div class=\"fusion-clearfix\"><\/div><\/div><\/div><\/div><\/div><\/div><\/div>\n","protected":false},"excerpt":{"rendered":"","protected":false},"author":7,"featured_media":0,"parent":0,"menu_order":0,"comment_status":"closed","ping_status":"closed","template":"","meta":{"footnotes":""},"class_list":["post-2631","page","type-page","status-publish","hentry"],"yoast_head":"<!-- This site is optimized with the Yoast SEO plugin v26.2 - https:\/\/yoast.com\/wordpress\/plugins\/seo\/ -->\n<title>Compass overview - HANSE SURVEY<\/title>\n<meta name=\"description\" content=\"Hanse Survey is your contact when it comes to magnetic compass adjustment and the testing and repair of your magnetic compasses. More information here!\" \/>\n<meta name=\"robots\" content=\"index, follow, max-snippet:-1, max-image-preview:large, max-video-preview:-1\" \/>\n<link rel=\"canonical\" href=\"https:\/\/hanse-survey.de\/en\/compass-overview\/\" \/>\n<meta property=\"og:locale\" content=\"en_US\" \/>\n<meta property=\"og:type\" content=\"article\" \/>\n<meta property=\"og:title\" content=\"Compass overview - HANSE SURVEY\" \/>\n<meta property=\"og:description\" content=\"Hanse Survey is your contact when it comes to magnetic compass adjustment and the testing and repair of your magnetic compasses. More information here!\" \/>\n<meta property=\"og:url\" content=\"https:\/\/hanse-survey.de\/en\/compass-overview\/\" \/>\n<meta property=\"og:site_name\" content=\"HANSE SURVEY\" \/>\n<meta property=\"article:modified_time\" content=\"2023-02-03T10:34:30+00:00\" \/>\n<meta name=\"twitter:card\" content=\"summary_large_image\" \/>\n<meta name=\"twitter:label1\" content=\"Est. reading time\" \/>\n\t<meta name=\"twitter:data1\" content=\"1 minute\" \/>\n<script type=\"application\/ld+json\" class=\"yoast-schema-graph\">{\"@context\":\"https:\/\/schema.org\",\"@graph\":[{\"@type\":\"WebPage\",\"@id\":\"https:\/\/hanse-survey.de\/en\/compass-overview\/\",\"url\":\"https:\/\/hanse-survey.de\/en\/compass-overview\/\",\"name\":\"Compass overview - HANSE SURVEY\",\"isPartOf\":{\"@id\":\"https:\/\/hanse-survey.de\/en\/#website\"},\"datePublished\":\"2023-01-25T13:29:58+00:00\",\"dateModified\":\"2023-02-03T10:34:30+00:00\",\"description\":\"Hanse Survey is your contact when it comes to magnetic compass adjustment and the testing and repair of your magnetic compasses. More information here!\",\"breadcrumb\":{\"@id\":\"https:\/\/hanse-survey.de\/en\/compass-overview\/#breadcrumb\"},\"inLanguage\":\"en-US\",\"potentialAction\":[{\"@type\":\"ReadAction\",\"target\":[\"https:\/\/hanse-survey.de\/en\/compass-overview\/\"]}]},{\"@type\":\"BreadcrumbList\",\"@id\":\"https:\/\/hanse-survey.de\/en\/compass-overview\/#breadcrumb\",\"itemListElement\":[{\"@type\":\"ListItem\",\"position\":1,\"name\":\"Startseite\",\"item\":\"https:\/\/hanse-survey.de\/en\/\"},{\"@type\":\"ListItem\",\"position\":2,\"name\":\"Compass overview\"}]},{\"@type\":\"WebSite\",\"@id\":\"https:\/\/hanse-survey.de\/en\/#website\",\"url\":\"https:\/\/hanse-survey.de\/en\/\",\"name\":\"HANSE SURVEY\",\"description\":\"Ihr Sachverst\u00e4ndigenb\u00fcro f\u00fcr kommerzielle Schifffahrt.\",\"potentialAction\":[{\"@type\":\"SearchAction\",\"target\":{\"@type\":\"EntryPoint\",\"urlTemplate\":\"https:\/\/hanse-survey.de\/en\/?s={search_term_string}\"},\"query-input\":{\"@type\":\"PropertyValueSpecification\",\"valueRequired\":true,\"valueName\":\"search_term_string\"}}],\"inLanguage\":\"en-US\"}]}<\/script>\n<!-- \/ Yoast SEO plugin. -->","yoast_head_json":{"title":"Compass overview - HANSE SURVEY","description":"Hanse Survey is your contact when it comes to magnetic compass adjustment and the testing and repair of your magnetic compasses. More information here!","robots":{"index":"index","follow":"follow","max-snippet":"max-snippet:-1","max-image-preview":"max-image-preview:large","max-video-preview":"max-video-preview:-1"},"canonical":"https:\/\/hanse-survey.de\/en\/compass-overview\/","og_locale":"en_US","og_type":"article","og_title":"Compass overview - HANSE SURVEY","og_description":"Hanse Survey is your contact when it comes to magnetic compass adjustment and the testing and repair of your magnetic compasses. More information here!","og_url":"https:\/\/hanse-survey.de\/en\/compass-overview\/","og_site_name":"HANSE SURVEY","article_modified_time":"2023-02-03T10:34:30+00:00","twitter_card":"summary_large_image","twitter_misc":{"Est. reading time":"1 minute"},"schema":{"@context":"https:\/\/schema.org","@graph":[{"@type":"WebPage","@id":"https:\/\/hanse-survey.de\/en\/compass-overview\/","url":"https:\/\/hanse-survey.de\/en\/compass-overview\/","name":"Compass overview - HANSE SURVEY","isPartOf":{"@id":"https:\/\/hanse-survey.de\/en\/#website"},"datePublished":"2023-01-25T13:29:58+00:00","dateModified":"2023-02-03T10:34:30+00:00","description":"Hanse Survey is your contact when it comes to magnetic compass adjustment and the testing and repair of your magnetic compasses. More information here!","breadcrumb":{"@id":"https:\/\/hanse-survey.de\/en\/compass-overview\/#breadcrumb"},"inLanguage":"en-US","potentialAction":[{"@type":"ReadAction","target":["https:\/\/hanse-survey.de\/en\/compass-overview\/"]}]},{"@type":"BreadcrumbList","@id":"https:\/\/hanse-survey.de\/en\/compass-overview\/#breadcrumb","itemListElement":[{"@type":"ListItem","position":1,"name":"Startseite","item":"https:\/\/hanse-survey.de\/en\/"},{"@type":"ListItem","position":2,"name":"Compass overview"}]},{"@type":"WebSite","@id":"https:\/\/hanse-survey.de\/en\/#website","url":"https:\/\/hanse-survey.de\/en\/","name":"HANSE SURVEY","description":"Ihr Sachverst\u00e4ndigenb\u00fcro f\u00fcr kommerzielle Schifffahrt.","potentialAction":[{"@type":"SearchAction","target":{"@type":"EntryPoint","urlTemplate":"https:\/\/hanse-survey.de\/en\/?s={search_term_string}"},"query-input":{"@type":"PropertyValueSpecification","valueRequired":true,"valueName":"search_term_string"}}],"inLanguage":"en-US"}]}},"_links":{"self":[{"href":"https:\/\/hanse-survey.de\/en\/wp-json\/wp\/v2\/pages\/2631","targetHints":{"allow":["GET"]}}],"collection":[{"href":"https:\/\/hanse-survey.de\/en\/wp-json\/wp\/v2\/pages"}],"about":[{"href":"https:\/\/hanse-survey.de\/en\/wp-json\/wp\/v2\/types\/page"}],"author":[{"embeddable":true,"href":"https:\/\/hanse-survey.de\/en\/wp-json\/wp\/v2\/users\/7"}],"replies":[{"embeddable":true,"href":"https:\/\/hanse-survey.de\/en\/wp-json\/wp\/v2\/comments?post=2631"}],"version-history":[{"count":10,"href":"https:\/\/hanse-survey.de\/en\/wp-json\/wp\/v2\/pages\/2631\/revisions"}],"predecessor-version":[{"id":3325,"href":"https:\/\/hanse-survey.de\/en\/wp-json\/wp\/v2\/pages\/2631\/revisions\/3325"}],"wp:attachment":[{"href":"https:\/\/hanse-survey.de\/en\/wp-json\/wp\/v2\/media?parent=2631"}],"curies":[{"name":"wp","href":"https:\/\/api.w.org\/{rel}","templated":true}]}}